{"id":35,"date":"2020-07-31T05:37:19","date_gmt":"2020-07-31T05:37:19","guid":{"rendered":"http:\/\/yan.dgweb.co\/?page_id=35"},"modified":"2024-09-12T02:44:03","modified_gmt":"2024-09-12T02:44:03","slug":"about","status":"publish","type":"page","link":"https:\/\/kyotoyamasan.com\/fr\/about\/","title":{"rendered":"\u00c0 propos"},"content":{"rendered":"<h2>\u00c0 propos de l&#8217;entreprise<\/h2>\n<h3>Production de th\u00e9 vert japonais de qualit\u00e9<\/h3>\n<h2>Production<\/h2>\n<p>Bienvenue chez YAMASAN Co., Ltd, votre destination pour des produits exceptionnels qui compl\u00e8tent parfaitement votre style de vie. Bas\u00e9e \u00e0 Uji, Kyoto, nous sommes fiers de proposer une large gamme de produits fabriqu\u00e9s avec soin qui mettent en valeur le riche patrimoine de cette r\u00e9gion envo\u00fbtante. Uji est r\u00e9put\u00e9 comme le berceau du matcha et du gyokuro, avec une histoire profond\u00e9ment enracin\u00e9e dans l&#8217;art de la production de th\u00e9 vert. Chez YAMASAN, nous nous engageons \u00e0 respecter les normes de qualit\u00e9 les plus \u00e9lev\u00e9es dans tous les aspects de notre entreprise. De l&#8217;approvisionnement en mat\u00e9riaux de qualit\u00e9 sup\u00e9rieure \u00e0 la collaboration avec des artisans qualifi\u00e9s et \u00e0 l&#8217;utilisation de m\u00e9thodes de fabrication traditionnelles, nous ne laissons rien au hasard dans notre qu\u00eate de l&#8217;excellence. Notre engagement envers l&#8217;excellence a attir\u00e9 l&#8217;attention de clients internationaux des \u00c9tats-Unis et d&#8217;Europe, ce qui a conduit \u00e0 de nombreuses interviews dans les m\u00e9dias au Japon. Rejoignez-nous dans ce voyage extraordinaire alors que nous continuons \u00e0 captiver et inspirer avec nos offres exquises d&#8217;Uji.<\/p>\n<p><img fetchpriority=\"high\" decoding=\"async\" src=\"http:\/\/kyotoyamasan.com\/fr\/wp-content\/uploads\/2021\/01\/3547944_m_2-768x320.jpg\" sizes=\"(max-width: 768px) 100vw, 768px\" srcset=\"http:\/\/kyotoyamasan.com\/fr\/wp-content\/uploads\/2021\/01\/3547944_m_2-768x320.jpg 768w, http:\/\/kyotoyamasan.com\/fr\/wp-content\/uploads\/2021\/01\/3547944_m_2-300x125.jpg 300w, http:\/\/kyotoyamasan.com\/fr\/wp-content\/uploads\/2021\/01\/3547944_m_2-1024x427.jpg 1024w, http:\/\/kyotoyamasan.com\/fr\/wp-content\/uploads\/2021\/01\/3547944_m_2-1536x640.jpg 1536w, http:\/\/kyotoyamasan.com\/fr\/wp-content\/uploads\/2021\/01\/3547944_m_2-600x250.jpg 600w, http:\/\/kyotoyamasan.com\/fr\/wp-content\/uploads\/2021\/01\/3547944_m_2.jpg 1920w\" alt=\"\" width=\"768\" height=\"320\" \/><\/p>\n<h3>Pour la s\u00e9curit\u00e9<\/h3>\n<p><em>Bien s\u00fbr, en plus d&#8217;adopter la tra\u00e7abilit\u00e9, nous explorons \u00e9galement de nouveaux besoins, tels que les tests de radiations, qui testent toutes les traces de produits chimiques et de micro-organismes dans le th\u00e9 et utilisent des analyses bas\u00e9es sur les donn\u00e9es pour fournir un th\u00e9 s\u00fbr. Un pionnier dans le commerce du th\u00e9 biologique. Nous utilisons notre exp\u00e9rience et nos connaissances en travaillant en \u00e9troite collaboration avec les agriculteurs locaux pour am\u00e9liorer la production de th\u00e9.<\/em><\/p>\n<p><img decoding=\"async\" src=\"http:\/\/kyotoyamasan.com\/fr\/wp-content\/uploads\/2023\/05\/DSC_0003-scaled-e1684997921850-1024x712.jpg\" sizes=\"(max-width: 1024px) 100vw, 1024px\" srcset=\"http:\/\/kyotoyamasan.com\/fr\/wp-content\/uploads\/2023\/05\/DSC_0003-scaled-e1684997921850-1024x712.jpg 1024w, http:\/\/kyotoyamasan.com\/fr\/wp-content\/uploads\/2023\/05\/DSC_0003-scaled-e1684997921850-300x209.jpg 300w, http:\/\/kyotoyamasan.com\/fr\/wp-content\/uploads\/2023\/05\/DSC_0003-scaled-e1684997921850-768x534.jpg 768w, http:\/\/kyotoyamasan.com\/fr\/wp-content\/uploads\/2023\/05\/DSC_0003-scaled-e1684997921850-1536x1068.jpg 1536w, http:\/\/kyotoyamasan.com\/fr\/wp-content\/uploads\/2023\/05\/DSC_0003-scaled-e1684997921850-2048x1424.jpg 2048w, http:\/\/kyotoyamasan.com\/fr\/wp-content\/uploads\/2023\/05\/DSC_0003-scaled-e1684997921850-220x154.jpg 220w, http:\/\/kyotoyamasan.com\/fr\/wp-content\/uploads\/2023\/05\/DSC_0003-scaled-e1684997921850-600x417.jpg 600w\" alt=\"\" width=\"1024\" height=\"712\" \/><\/p>\n<h3>La m\u00e9thode de culture et le m\u00e9lange du th\u00e9 sont essentiels<\/h3>\n<figure><img decoding=\"async\" src=\"http:\/\/kyotoyamasan.com\/fr\/wp-content\/uploads\/2020\/07\/about-3-1.png\" alt=\"\" width=\"47\" height=\"50\" \/><\/figure>\n<h3>Environnement<\/h3>\n<p>Il est cultiv\u00e9 dans les meilleures conditions, telles qu&#8217;un climat doux, un ensoleillement suffisant, un sol riche en nutriments et une eau claire.<\/p>\n<figure><img loading=\"lazy\" decoding=\"async\" src=\"http:\/\/kyotoyamasan.com\/fr\/wp-content\/uploads\/2020\/07\/about-4.png\" alt=\"\" width=\"38\" height=\"45\" \/><\/figure>\n<h3>Traitement<\/h3>\n<p>Le traitement thermique imm\u00e9diat apr\u00e8s la r\u00e9colte des feuilles de th\u00e9 fra\u00eeches permet de conserver une saveur unique et fra\u00eeche.<\/p>\n<figure><img loading=\"lazy\" decoding=\"async\" src=\"http:\/\/kyotoyamasan.com\/fr\/wp-content\/uploads\/2020\/07\/about-1.png\" alt=\"\" width=\"43\" height=\"56\" \/><\/figure>\n<h3>Appr\u00e9ci\u00e9<\/h3>\n<p>Le d\u00e9gustateur de th\u00e9 exp\u00e9riment\u00e9, au 9\u00e8me stade, qui a re\u00e7u de nombreux prix lors de concours de th\u00e9, a soigneusement s\u00e9lectionn\u00e9 et m\u00e9lang\u00e9 le th\u00e9.<\/p>\n<p>Non seulement la culture, mais aussi la production, le stockage et le transport, etc., sont s\u00e9v\u00e8rement contr\u00f4l\u00e9s par l&#8217;organisation biologique.<\/p>\n<h2>Notre d\u00e9fi<\/h2>\n<p><em>Nous aimons Uji \u00e0 Kyoto. B\u00e9nie par une nature abondante, la r\u00e9gion a travaill\u00e9 pendant trois g\u00e9n\u00e9rations dans le commerce du th\u00e9 et a constamment recherch\u00e9 de nouvelles possibilit\u00e9s et d\u00e9fis. Nous sommes l&#8217;une des premi\u00e8res entreprises \u00e0 adopter une vision de s\u00e9curit\u00e9, de qualit\u00e9 et de tranquillit\u00e9 d&#8217;esprit.<\/em><\/p>\n<p><img loading=\"lazy\" decoding=\"async\" src=\"http:\/\/kyotoyamasan.com\/fr\/wp-content\/uploads\/2020\/08\/video-leafs-1024x356.png\" sizes=\"(max-width: 1024px) 100vw, 1024px\" srcset=\"http:\/\/kyotoyamasan.com\/fr\/wp-content\/uploads\/2020\/08\/video-leafs-1024x356.png 1024w, http:\/\/kyotoyamasan.com\/fr\/wp-content\/uploads\/2020\/08\/video-leafs-300x104.png 300w, http:\/\/kyotoyamasan.com\/fr\/wp-content\/uploads\/2020\/08\/video-leafs-768x267.png 768w, http:\/\/kyotoyamasan.com\/fr\/wp-content\/uploads\/2020\/08\/video-leafs-1536x534.png 1536w, http:\/\/kyotoyamasan.com\/fr\/wp-content\/uploads\/2020\/08\/video-leafs-600x209.png 600w, http:\/\/kyotoyamasan.com\/fr\/wp-content\/uploads\/2020\/08\/video-leafs.png 1854w\" alt=\"\" width=\"1024\" height=\"356\" \/><\/p>\n<h2>Yamasan, Ltd.<\/h2>\n<h3>Merci pour les b\u00e9n\u00e9dictions de la nature<\/h3>\n<p>Nos installations r\u00e9pondent aux normes strictes de qualit\u00e9 biologique actuelles. Nous nous concentrons sur la production dans la r\u00e9gion d&#8217;Uji \u00e0 Kyoto. Nous utilisons des r\u00e9seaux profonds construits au fil des g\u00e9n\u00e9rations pour collaborer avec les agriculteurs et commer\u00e7ants de th\u00e9. Je suis profond\u00e9ment reconnaissant pour les b\u00e9n\u00e9dictions de la nature. Nous nous engageons \u00e0 exploiter ces avantages pour fournir des produits sup\u00e9rieurs.<\/p>\n<p>\t<div class=\"client_logo_sliderDiv client_logo_init logo-box-section\">\n\t\t\t<div class=\"slide_item\">\n\t\t<div class=\"elementor-widget-wrap\">\n\t\t\t<div class=\"elementor-element first-image\"><img decoding=\"async\" src=\"https:\/\/kyotoyamasan.com\/fr\/wp-content\/uploads\/2020\/12\/candaorganicbiologique-1.png\"><\/div>\n\t\t\t<div class=\"elementor-element second-image\"><img decoding=\"async\" src=\"https:\/\/kyotoyamasan.com\/fr\/wp-content\/uploads\/2020\/12\/candaorganicbiologique-1.png\"><\/div>\n\t\t<\/div>\n\t\t<\/div>\n\t\t\t\t<div class=\"slide_item\">\n\t\t<div class=\"elementor-widget-wrap\">\n\t\t\t<div class=\"elementor-element first-image\"><img decoding=\"async\" src=\"https:\/\/kyotoyamasan.com\/fr\/wp-content\/uploads\/2020\/12\/jas.png\"><\/div>\n\t\t\t<div class=\"elementor-element second-image\"><img decoding=\"async\" src=\"https:\/\/kyotoyamasan.com\/fr\/wp-content\/uploads\/2020\/12\/jas.png\"><\/div>\n\t\t<\/div>\n\t\t<\/div>\n\t\t\t\t<div class=\"slide_item\">\n\t\t<div class=\"elementor-widget-wrap\">\n\t\t\t<div class=\"elementor-element first-image\"><img decoding=\"async\" src=\"https:\/\/kyotoyamasan.com\/fr\/wp-content\/uploads\/2020\/12\/USDAorganic.png\"><\/div>\n\t\t\t<div class=\"elementor-element second-image\"><img decoding=\"async\" src=\"https:\/\/kyotoyamasan.com\/fr\/wp-content\/uploads\/2020\/12\/USDAorganic.png\"><\/div>\n\t\t<\/div>\n\t\t<\/div>\n\t\t\t<\/div>\n\t<br \/>\n<img decoding=\"async\" src=\"http:\/\/kyotoyamasan.com\/fr\/wp-content\/uploads\/2020\/09\/candaorganicbiologique-1.png\" \/><br \/>\n<img decoding=\"async\" src=\"http:\/\/kyotoyamasan.com\/fr\/wp-content\/uploads\/2020\/09\/candaorganicbiologique-1.png\" \/><br \/>\n<img decoding=\"async\" src=\"http:\/\/kyotoyamasan.com\/fr\/wp-content\/uploads\/2020\/09\/jas.png\" \/><br \/>\n<img decoding=\"async\" src=\"http:\/\/kyotoyamasan.com\/fr\/wp-content\/uploads\/2020\/09\/jas.png\" \/><br \/>\n<img decoding=\"async\" src=\"http:\/\/kyotoyamasan.com\/fr\/wp-content\/uploads\/2020\/09\/USDAorganic.png\" \/><br \/>\n<img decoding=\"async\" src=\"http:\/\/kyotoyamasan.com\/fr\/wp-content\/uploads\/2020\/09\/USDAorganic.png\" \/><\/p>\n","protected":false},"excerpt":{"rendered":"<p>\u00c0 propos de l&#8217;entreprise Production de th\u00e9 vert japonais de qualit\u00e9 Production Bienvenue chez YAMASAN Co., Ltd, votre destination pour des produits exceptionnels qui compl\u00e8tent parfaitement votre style de vie. Bas\u00e9e \u00e0 Uji, Kyoto, nous sommes fiers de proposer une large gamme de produits fabriqu\u00e9s avec soin qui mettent en valeur le riche patrimoine de [&hellip;]<\/p>\n","protected":false},"author":4,"featured_media":0,"parent":0,"menu_order":0,"comment_status":"closed","ping_status":"closed","template":"","meta":{"footnotes":""},"class_list":["post-35","page","type-page","status-publish","hentry","entry","has-media","wvn-thumbs-layout-horizontal","wvn-btn-normal","wvn-tabs-layout-horizontal","has-no-thumbnails"],"yoast_head":"<!-- This site is optimized with the Yoast SEO plugin v26.8 - https:\/\/yoast.com\/product\/yoast-seo-wordpress\/ -->\n<title>\u00c0 propos - Yamasan Co., Ltd.<\/title>\n<meta name=\"description\" content=\"Situated in the Uji region of Kyoto, Yamasan is Japan&#039;s leading pioneer in organic tea trading. We are one of the earliest organic tea traders in Japan.\" \/>\n<meta name=\"robots\" content=\"index, follow, max-snippet:-1, max-image-preview:large, max-video-preview:-1\" \/>\n<link rel=\"canonical\" href=\"https:\/\/kyotoyamasan.com\/fr\/about\/\" \/>\n<meta property=\"og:locale\" content=\"en_US\" \/>\n<meta property=\"og:type\" content=\"article\" \/>\n<meta property=\"og:title\" content=\"\u00c0 propos - Yamasan Co., Ltd.\" \/>\n<meta property=\"og:description\" content=\"Situated in the Uji region of Kyoto, Yamasan is Japan&#039;s leading pioneer in organic tea trading. We are one of the earliest organic tea traders in Japan.\" \/>\n<meta property=\"og:url\" content=\"https:\/\/kyotoyamasan.com\/fr\/about\/\" \/>\n<meta property=\"og:site_name\" content=\"Yamasan Co., Ltd.\" \/>\n<meta property=\"article:publisher\" content=\"https:\/\/www.facebook.com\/ujichaganjucafe\/?tn-str=k%2aF\" \/>\n<meta property=\"article:modified_time\" content=\"2024-09-12T02:44:03+00:00\" \/>\n<meta property=\"og:image\" content=\"http:\/\/kyotoyamasan.com\/fr\/wp-content\/uploads\/2021\/01\/3547944_m_2-768x320.jpg\" \/>\n<meta name=\"twitter:card\" content=\"summary_large_image\" \/>\n<meta name=\"twitter:label1\" content=\"Est. reading time\" \/>\n\t<meta name=\"twitter:data1\" content=\"5 minutes\" \/>\n<script type=\"application\/ld+json\" class=\"yoast-schema-graph\">{\"@context\":\"https:\/\/schema.org\",\"@graph\":[{\"@type\":\"WebPage\",\"@id\":\"https:\/\/kyotoyamasan.com\/fr\/about\/\",\"url\":\"https:\/\/kyotoyamasan.com\/fr\/about\/\",\"name\":\"\u00c0 propos - Yamasan Co., Ltd.\",\"isPartOf\":{\"@id\":\"https:\/\/kyotoyamasan.com\/fr\/#website\"},\"primaryImageOfPage\":{\"@id\":\"https:\/\/kyotoyamasan.com\/fr\/about\/#primaryimage\"},\"image\":{\"@id\":\"https:\/\/kyotoyamasan.com\/fr\/about\/#primaryimage\"},\"thumbnailUrl\":\"http:\/\/kyotoyamasan.com\/fr\/wp-content\/uploads\/2021\/01\/3547944_m_2-768x320.jpg\",\"datePublished\":\"2020-07-31T05:37:19+00:00\",\"dateModified\":\"2024-09-12T02:44:03+00:00\",\"description\":\"Situated in the Uji region of Kyoto, Yamasan is Japan's leading pioneer in organic tea trading. We are one of the earliest organic tea traders in Japan.\",\"breadcrumb\":{\"@id\":\"https:\/\/kyotoyamasan.com\/fr\/about\/#breadcrumb\"},\"inLanguage\":\"en-US\",\"potentialAction\":[{\"@type\":\"ReadAction\",\"target\":[\"https:\/\/kyotoyamasan.com\/fr\/about\/\"]}]},{\"@type\":\"ImageObject\",\"inLanguage\":\"en-US\",\"@id\":\"https:\/\/kyotoyamasan.com\/fr\/about\/#primaryimage\",\"url\":\"https:\/\/kyotoyamasan.com\/fr\/wp-content\/uploads\/2021\/01\/3547944_m_2.jpg\",\"contentUrl\":\"https:\/\/kyotoyamasan.com\/fr\/wp-content\/uploads\/2021\/01\/3547944_m_2.jpg\",\"width\":1920,\"height\":800},{\"@type\":\"BreadcrumbList\",\"@id\":\"https:\/\/kyotoyamasan.com\/fr\/about\/#breadcrumb\",\"itemListElement\":[{\"@type\":\"ListItem\",\"position\":1,\"name\":\"Home\",\"item\":\"https:\/\/kyotoyamasan.com\/fr\/\"},{\"@type\":\"ListItem\",\"position\":2,\"name\":\"\u00c0 propos\"}]},{\"@type\":\"WebSite\",\"@id\":\"https:\/\/kyotoyamasan.com\/fr\/#website\",\"url\":\"https:\/\/kyotoyamasan.com\/fr\/\",\"name\":\"Yamasan Co., Ltd.\",\"description\":\"\",\"publisher\":{\"@id\":\"https:\/\/kyotoyamasan.com\/fr\/#organization\"},\"potentialAction\":[{\"@type\":\"SearchAction\",\"target\":{\"@type\":\"EntryPoint\",\"urlTemplate\":\"https:\/\/kyotoyamasan.com\/fr\/?s={search_term_string}\"},\"query-input\":{\"@type\":\"PropertyValueSpecification\",\"valueRequired\":true,\"valueName\":\"search_term_string\"}}],\"inLanguage\":\"en-US\"},{\"@type\":\"Organization\",\"@id\":\"https:\/\/kyotoyamasan.com\/fr\/#organization\",\"name\":\"Yamasan Co., Ltd.\",\"url\":\"https:\/\/kyotoyamasan.com\/fr\/\",\"logo\":{\"@type\":\"ImageObject\",\"inLanguage\":\"en-US\",\"@id\":\"https:\/\/kyotoyamasan.com\/fr\/#\/schema\/logo\/image\/\",\"url\":\"https:\/\/www.kyotoyamasan.jp\/biz\/wp-content\/uploads\/2021\/05\/26643d04db792d07aa26388f4c2a2203.jpg\",\"contentUrl\":\"https:\/\/www.kyotoyamasan.jp\/biz\/wp-content\/uploads\/2021\/05\/26643d04db792d07aa26388f4c2a2203.jpg\",\"width\":977,\"height\":969,\"caption\":\"Yamasan Co., Ltd.\"},\"image\":{\"@id\":\"https:\/\/kyotoyamasan.com\/fr\/#\/schema\/logo\/image\/\"},\"sameAs\":[\"https:\/\/www.facebook.com\/ujichaganjucafe\/?tn-str=k*F\",\"https:\/\/www.instagram.com\/kyotoyamasanuji\/?igshid=3mwwfprol4f6\"]}]}<\/script>\n<!-- \/ Yoast SEO plugin. -->","yoast_head_json":{"title":"\u00c0 propos - Yamasan Co., Ltd.","description":"Situated in the Uji region of Kyoto, Yamasan is Japan's leading pioneer in organic tea trading. We are one of the earliest organic tea traders in Japan.","robots":{"index":"index","follow":"follow","max-snippet":"max-snippet:-1","max-image-preview":"max-image-preview:large","max-video-preview":"max-video-preview:-1"},"canonical":"https:\/\/kyotoyamasan.com\/fr\/about\/","og_locale":"en_US","og_type":"article","og_title":"\u00c0 propos - Yamasan Co., Ltd.","og_description":"Situated in the Uji region of Kyoto, Yamasan is Japan's leading pioneer in organic tea trading. We are one of the earliest organic tea traders in Japan.","og_url":"https:\/\/kyotoyamasan.com\/fr\/about\/","og_site_name":"Yamasan Co., Ltd.","article_publisher":"https:\/\/www.facebook.com\/ujichaganjucafe\/?tn-str=k%2aF","article_modified_time":"2024-09-12T02:44:03+00:00","og_image":[{"url":"http:\/\/kyotoyamasan.com\/fr\/wp-content\/uploads\/2021\/01\/3547944_m_2-768x320.jpg","type":"","width":"","height":""}],"twitter_card":"summary_large_image","twitter_misc":{"Est. reading time":"5 minutes"},"schema":{"@context":"https:\/\/schema.org","@graph":[{"@type":"WebPage","@id":"https:\/\/kyotoyamasan.com\/fr\/about\/","url":"https:\/\/kyotoyamasan.com\/fr\/about\/","name":"\u00c0 propos - Yamasan Co., Ltd.","isPartOf":{"@id":"https:\/\/kyotoyamasan.com\/fr\/#website"},"primaryImageOfPage":{"@id":"https:\/\/kyotoyamasan.com\/fr\/about\/#primaryimage"},"image":{"@id":"https:\/\/kyotoyamasan.com\/fr\/about\/#primaryimage"},"thumbnailUrl":"http:\/\/kyotoyamasan.com\/fr\/wp-content\/uploads\/2021\/01\/3547944_m_2-768x320.jpg","datePublished":"2020-07-31T05:37:19+00:00","dateModified":"2024-09-12T02:44:03+00:00","description":"Situated in the Uji region of Kyoto, Yamasan is Japan's leading pioneer in organic tea trading. We are one of the earliest organic tea traders in Japan.","breadcrumb":{"@id":"https:\/\/kyotoyamasan.com\/fr\/about\/#breadcrumb"},"inLanguage":"en-US","potentialAction":[{"@type":"ReadAction","target":["https:\/\/kyotoyamasan.com\/fr\/about\/"]}]},{"@type":"ImageObject","inLanguage":"en-US","@id":"https:\/\/kyotoyamasan.com\/fr\/about\/#primaryimage","url":"https:\/\/kyotoyamasan.com\/fr\/wp-content\/uploads\/2021\/01\/3547944_m_2.jpg","contentUrl":"https:\/\/kyotoyamasan.com\/fr\/wp-content\/uploads\/2021\/01\/3547944_m_2.jpg","width":1920,"height":800},{"@type":"BreadcrumbList","@id":"https:\/\/kyotoyamasan.com\/fr\/about\/#breadcrumb","itemListElement":[{"@type":"ListItem","position":1,"name":"Home","item":"https:\/\/kyotoyamasan.com\/fr\/"},{"@type":"ListItem","position":2,"name":"\u00c0 propos"}]},{"@type":"WebSite","@id":"https:\/\/kyotoyamasan.com\/fr\/#website","url":"https:\/\/kyotoyamasan.com\/fr\/","name":"Yamasan Co., Ltd.","description":"","publisher":{"@id":"https:\/\/kyotoyamasan.com\/fr\/#organization"},"potentialAction":[{"@type":"SearchAction","target":{"@type":"EntryPoint","urlTemplate":"https:\/\/kyotoyamasan.com\/fr\/?s={search_term_string}"},"query-input":{"@type":"PropertyValueSpecification","valueRequired":true,"valueName":"search_term_string"}}],"inLanguage":"en-US"},{"@type":"Organization","@id":"https:\/\/kyotoyamasan.com\/fr\/#organization","name":"Yamasan Co., Ltd.","url":"https:\/\/kyotoyamasan.com\/fr\/","logo":{"@type":"ImageObject","inLanguage":"en-US","@id":"https:\/\/kyotoyamasan.com\/fr\/#\/schema\/logo\/image\/","url":"https:\/\/www.kyotoyamasan.jp\/biz\/wp-content\/uploads\/2021\/05\/26643d04db792d07aa26388f4c2a2203.jpg","contentUrl":"https:\/\/www.kyotoyamasan.jp\/biz\/wp-content\/uploads\/2021\/05\/26643d04db792d07aa26388f4c2a2203.jpg","width":977,"height":969,"caption":"Yamasan Co., Ltd."},"image":{"@id":"https:\/\/kyotoyamasan.com\/fr\/#\/schema\/logo\/image\/"},"sameAs":["https:\/\/www.facebook.com\/ujichaganjucafe\/?tn-str=k*F","https:\/\/www.instagram.com\/kyotoyamasanuji\/?igshid=3mwwfprol4f6"]}]}},"_links":{"self":[{"href":"https:\/\/kyotoyamasan.com\/fr\/wp-json\/wp\/v2\/pages\/35","targetHints":{"allow":["GET"]}}],"collection":[{"href":"https:\/\/kyotoyamasan.com\/fr\/wp-json\/wp\/v2\/pages"}],"about":[{"href":"https:\/\/kyotoyamasan.com\/fr\/wp-json\/wp\/v2\/types\/page"}],"author":[{"embeddable":true,"href":"https:\/\/kyotoyamasan.com\/fr\/wp-json\/wp\/v2\/users\/4"}],"replies":[{"embeddable":true,"href":"https:\/\/kyotoyamasan.com\/fr\/wp-json\/wp\/v2\/comments?post=35"}],"version-history":[{"count":29,"href":"https:\/\/kyotoyamasan.com\/fr\/wp-json\/wp\/v2\/pages\/35\/revisions"}],"predecessor-version":[{"id":4313,"href":"https:\/\/kyotoyamasan.com\/fr\/wp-json\/wp\/v2\/pages\/35\/revisions\/4313"}],"wp:attachment":[{"href":"https:\/\/kyotoyamasan.com\/fr\/wp-json\/wp\/v2\/media?parent=35"}],"curies":[{"name":"wp","href":"https:\/\/api.w.org\/{rel}","templated":true}]}}